{"id":83,"date":"2025-05-21T12:58:15","date_gmt":"2025-05-21T09:58:15","guid":{"rendered":"http:\/\/www.introsis.com\/?page_id=83"},"modified":"2025-05-22T10:01:48","modified_gmt":"2025-05-22T07:01:48","slug":"iletisim","status":"publish","type":"page","link":"http:\/\/www.introsis.com\/index.php\/iletisim\/","title":{"rendered":""},"content":{"rendered":"\t\t<div data-elementor-type=\"wp-page\" data-elementor-id=\"83\" class=\"elementor elementor-83\">\n\t\t\t\t<div class=\"elementor-element elementor-element-3c14e43 e-flex e-con-boxed e-con e-parent\" data-id=\"3c14e43\" data-element_type=\"container\" data-e-type=\"container\">\n\t\t\t\t\t<div class=\"e-con-inner\">\n\t\t\t\t<div class=\"elementor-element elementor-element-d3ac39b elementor-widget elementor-widget-heading\" data-id=\"d3ac39b\" data-element_type=\"widget\" data-e-type=\"widget\" data-widget_type=\"heading.default\">\n\t\t\t\t<div class=\"elementor-widget-container\">\n\t\t\t\t\t<h2 class=\"elementor-heading-title elementor-size-default\">\u0130ntrosis Bilgi Teknolojileri<\/h2>\t\t\t\t<\/div>\n\t\t\t\t<\/div>\n\t\t\t\t\t<\/div>\n\t\t\t\t<\/div>\n\t\t<div class=\"elementor-element elementor-element-edf12b4 e-flex e-con-boxed e-con e-parent\" data-id=\"edf12b4\" data-element_type=\"container\" data-e-type=\"container\">\n\t\t\t\t\t<div class=\"e-con-inner\">\n\t\t\t\t<div class=\"elementor-element elementor-element-f7e229d elementor-widget elementor-widget-text-editor\" data-id=\"f7e229d\" data-element_type=\"widget\" data-e-type=\"widget\" data-widget_type=\"text-editor.default\">\n\t\t\t\t<div class=\"elementor-widget-container\">\n\t\t\t\t\t\t\t\t\t<p>Merkez Ofis:<\/p><p>\u0130n\u00f6n\u00fc Cd. S\u00fcmer Sk Zita\u015f Plaza C3 blok Kozyata\u011f\u0131 Kad\u0131k\u00f6y \u2013\u0130stanbul<\/p><p>info@introsis.com<\/p>\t\t\t\t\t\t\t\t<\/div>\n\t\t\t\t<\/div>\n\t\t<div class=\"elementor-element elementor-element-4d63052 e-con-full e-flex e-con e-child\" data-id=\"4d63052\" data-element_type=\"container\" data-e-type=\"container\">\n\t\t\t\t<div class=\"elementor-element elementor-element-2010ed9 elementor-widget elementor-widget-google_maps\" data-id=\"2010ed9\" data-element_type=\"widget\" data-e-type=\"widget\" data-widget_type=\"google_maps.default\">\n\t\t\t\t<div class=\"elementor-widget-container\">\n\t\t\t\t\t\t\t<div class=\"elementor-custom-embed\">\n\t\t\t<iframe loading=\"lazy\"\n\t\t\t\t\tsrc=\"https:\/\/maps.google.com\/maps?q=ofsis&#038;t=m&#038;z=18&#038;output=embed&#038;iwloc=near\"\n\t\t\t\t\ttitle=\"ofsis\"\n\t\t\t\t\taria-label=\"ofsis\"\n\t\t\t><\/iframe>\n\t\t<\/div>\n\t\t\t\t\t\t<\/div>\n\t\t\t\t<\/div>\n\t\t\t\t<\/div>\n\t\t\t\t\t<\/div>\n\t\t\t\t<\/div>\n\t\t\t\t<\/div>\n\t\t","protected":false},"excerpt":{"rendered":"<p>\u0130ntrosis Bilgi Teknolojileri Merkez Ofis: \u0130n\u00f6n\u00fc Cd. S\u00fcmer Sk Zita\u015f Plaza C3 blok Kozyata\u011f\u0131 Kad\u0131k\u00f6y \u2013\u0130stanbul info@introsis.com<\/p>\n","protected":false},"author":1,"featured_media":0,"parent":0,"menu_order":0,"comment_status":"closed","ping_status":"closed","template":"","meta":{"_themeisle_gutenberg_block_has_review":false,"footnotes":""},"class_list":["post-83","page","type-page","status-publish","hentry"],"_links":{"self":[{"href":"http:\/\/www.introsis.com\/index.php\/wp-json\/wp\/v2\/pages\/83","targetHints":{"allow":["GET"]}}],"collection":[{"href":"http:\/\/www.introsis.com\/index.php\/wp-json\/wp\/v2\/pages"}],"about":[{"href":"http:\/\/www.introsis.com\/index.php\/wp-json\/wp\/v2\/types\/page"}],"author":[{"embeddable":true,"href":"http:\/\/www.introsis.com\/index.php\/wp-json\/wp\/v2\/users\/1"}],"replies":[{"embeddable":true,"href":"http:\/\/www.introsis.com\/index.php\/wp-json\/wp\/v2\/comments?post=83"}],"version-history":[{"count":41,"href":"http:\/\/www.introsis.com\/index.php\/wp-json\/wp\/v2\/pages\/83\/revisions"}],"predecessor-version":[{"id":143,"href":"http:\/\/www.introsis.com\/index.php\/wp-json\/wp\/v2\/pages\/83\/revisions\/143"}],"wp:attachment":[{"href":"http:\/\/www.introsis.com\/index.php\/wp-json\/wp\/v2\/media?parent=83"}],"curies":[{"name":"wp","href":"https:\/\/api.w.org\/{rel}","templated":true}]}}